{"id":10,"date":"2012-05-03T15:53:28","date_gmt":"2012-05-03T15:53:28","guid":{"rendered":"http:\/\/einklang-alexandra-stahl.de\/?page_id=10"},"modified":"2022-06-09T16:25:18","modified_gmt":"2022-06-09T16:25:18","slug":"energietransformation","status":"publish","type":"page","link":"https:\/\/einklang-alexandra-stahl.de\/index.php\/mein-angebot\/energietransformation\/","title":{"rendered":"Energietransformation"},"content":{"rendered":"<p>&nbsp;<\/p>\n<p style=\"text-align: center;\"><em><strong>\u201e\u2026mit der Seele f\u00fchlen und sehen &#8230;\u201c<\/strong><\/em><\/p>\n<p>Wir alle kommen aus einer Quelle der Sch\u00f6pfung, egal welcher Religion oder auch keiner wir angeh\u00f6ren, welcher Herkunft, von welchem Kontinent oder Land wir kommen. Wir sind bestens ausgestattet mit dem was unser K\u00f6rper, unser Geist, unsere Seele und unser Charisma f\u00fcr eine gesunde Entwicklung, optimales Wachstum und ein gl\u00fcckliches, gesundes, harmonisches Leben ben\u00f6tigen.<\/p>\n<p>Mit unserer Geburt treten wir in das von unserer Seele gew\u00e4hlte \u201eAufgabenfeld\u201c dieses Lebens ein. Alle Interaktionen die stattfinden, sei es in gut gemeinter Art, in \u201eerzieherischer\u201c Art, in welcher Art auch immer und von wem auch immer, Mutter, Vater, Geschwister, Gro\u00dfeltern, Lehrer, Freunde, Partner, Lehrer, Freunde\u2026 ver\u00e4ndern unseren Energiefluss aus der Sch\u00f6pfungsquelle, aus der &#8222;unendlichen g\u00f6ttlichen Tankstelle.&#8220;<br \/>\nSie k\u00f6nnen uns bef\u00e4higen zu \u201efliegen\u201c, das Leben zu sp\u00fcren und sich vom Flu\u00df des Lebens im vollkommenen Vertrauen tragen zu lassen,\u00a0 oder fordern uns in Form von Lebenskrisen oder Krankheiten auf, heil zu werden wo \u201eDisharmonien\u201c\u00a0 entstanden sind.<br \/>\nAus dieser Perspektive gesehen sind <strong>Schlafst\u00f6rungen, Depression, Burnout, Krebs, Krankheiten,\u00a0 Partner-,\u00a0 Berufs-, Finanz-\u00a0 oder Beziehungsprobleme<\/strong> uvm. willkommen zu hei\u00dfen. Sie geben uns die Chance Blockaden, \u00c4ngste, Verletzungen, Glaubenss\u00e4tze und vieles mehr von dem, was uns unbewu\u00dft begleitet und uns an unserer Entfaltung hindert bewusst zu machen, damit in Frieden zu kommen, zu heilen. So k\u00f6nnen sich unsere 4 Standbeine K\u00f6rper, Geist, Seele und Charisma k\u00f6nnen wieder harmonisch entwickeln und zusammen arbeiten.<\/p>\n<p>Energietransformation ist Heilen mit der Kraft des Geistes, der Worte, der Gedanken, der W\u00fcnsche.<br \/>\nDabei werden negative Gedanken- und Lebensmuster durch positive Sch\u00f6pfungsenergie ersetzt. So kann die \u201eQuelle\u201c nach und nach wieder kr\u00e4ftig \u201esprudeln\u201c und uns mit allem versorgen was, von Anfang an vorgesehen war. Die nat\u00fcrlichen Selbstheilungskr\u00e4fte werden aktiviert und die Harmonie unserer Kr\u00e4fte, sp\u00fcrbar in Form von Gesundheit, Kreativit\u00e4t,\u00a0Lebensenergie, Begeisterung, Mut\u00a0und Lebenslust sind das Ergebnis.<\/p>\n<p><strong>Energietransformation ist leicht erlernbar, kraftvoll, jederzeit und \u00fcberall f\u00fcr alle Lebens- und Gesundheitssituationen anwendbar.<br \/>\n<\/strong><\/p>\n<p><span style=\"color: #800000;\"><br \/>\n<\/span><\/p>\n<p><em><span style=\"color: #993300;\">Meine Kunden\u2026<\/span><\/em><\/p>\n<blockquote><p><em><span style=\"color: #993300;\">\u201eEnergietransformation sensibilisierte mich, meine Sichtweise f\u00fcr das Leben, alle Ereignisse und\u00a0Begegnungen neu\u00a0zu \u00fcberdenken. Ich begann<\/span><\/em><br \/>\n<em><span style=\"color: #993300;\"><strong>\u201e\u2026mit der Seele zu sehen\u2026\u201c<\/strong><\/span><\/em><br \/>\n<em><span style=\"color: #993300;\">die Welt um mich vollkommen anders wahr zu nehmen. Ich gewann den Glauben an mich selbst und meine Selbstheilungskr\u00e4fte zur\u00fcck. Das Vertrauen zu mir selbst w\u00e4chst und w\u00e4chst. Dabei habe ich das Gef\u00fchl \u201eden Weg\u201c ganz alleine gegangen zu sein.<\/span><\/em><br \/>\n<em><span style=\"color: #993300;\">(Zitat meiner Kundin Angelika S.)<\/span><\/em><\/p><\/blockquote>\n<p><span style=\"font-size: small; color: #aaa;\"><br \/>\nWichtiger Hinweis:<br \/>\nMeine Beratungen ersetzen keinen Arztbesuch!<br \/>\nEs werden keine Diagnosen, Therapien, Behandlungen im medizinischen Sinne durchgef\u00fchrt oder sonstige Heilkunde im gesetzlichen Sinne ausge\u00fcbt. Die Behandlungen k\u00f6nnen eine \u00e4rztliche Behandlung nicht ersetzen.<br \/>\nDie Therapeutin h\u00e4lt eine Zusammenarbeit mit \u00c4rzten f\u00fcr sehr wichtig. Daher soll eine laufende Behandlung nicht unterlassen werden; dies ist mit dem behandelnden Arzt oder Therapeuten zu besprechen. Die Verantwortung liegt ganz beim Klienten. Es werden keine Heil-Versprechen gegeben, sodass im Klienten keine falschen Hoffnungen geweckt werden. Es ist in der freien Verantwortung und Entscheidung des Klienten, die Besuche fortzusetzen bzw. abzubrechen, ebenso die Zustimmung bzw. die Ablehnung zu den Behandlungsabl\u00e4ufen. Der Klient wird beim ersten Besuch dar\u00fcber aufgekl\u00e4rt, was ihn bei den Sitzungen erwartet.<\/span><\/p>\n","protected":false},"excerpt":{"rendered":"<p>&nbsp; \u201e\u2026mit der Seele f\u00fchlen und sehen &#8230;\u201c Wir alle kommen aus einer Quelle der Sch\u00f6pfung, egal welcher Religion oder auch keiner wir angeh\u00f6ren, welcher Herkunft, von welchem Kontinent oder Land wir kommen. Wir sind bestens ausgestattet mit dem was unser K\u00f6rper, unser Geist, unsere Seele und unser Charisma f\u00fcr eine gesunde Entwicklung, optimales Wachstum [&hellip;]<\/p>\n","protected":false},"author":2,"featured_media":187,"parent":6,"menu_order":10,"comment_status":"closed","ping_status":"open","template":"","meta":{"footnotes":""},"class_list":["post-10","page","type-page","status-publish","has-post-thumbnail","hentry"],"_links":{"self":[{"href":"https:\/\/einklang-alexandra-stahl.de\/index.php\/wp-json\/wp\/v2\/pages\/10","targetHints":{"allow":["GET"]}}],"collection":[{"href":"https:\/\/einklang-alexandra-stahl.de\/index.php\/wp-json\/wp\/v2\/pages"}],"about":[{"href":"https:\/\/einklang-alexandra-stahl.de\/index.php\/wp-json\/wp\/v2\/types\/page"}],"author":[{"embeddable":true,"href":"https:\/\/einklang-alexandra-stahl.de\/index.php\/wp-json\/wp\/v2\/users\/2"}],"replies":[{"embeddable":true,"href":"https:\/\/einklang-alexandra-stahl.de\/index.php\/wp-json\/wp\/v2\/comments?post=10"}],"version-history":[{"count":122,"href":"https:\/\/einklang-alexandra-stahl.de\/index.php\/wp-json\/wp\/v2\/pages\/10\/revisions"}],"predecessor-version":[{"id":1372,"href":"https:\/\/einklang-alexandra-stahl.de\/index.php\/wp-json\/wp\/v2\/pages\/10\/revisions\/1372"}],"up":[{"embeddable":true,"href":"https:\/\/einklang-alexandra-stahl.de\/index.php\/wp-json\/wp\/v2\/pages\/6"}],"wp:featuredmedia":[{"embeddable":true,"href":"https:\/\/einklang-alexandra-stahl.de\/index.php\/wp-json\/wp\/v2\/media\/187"}],"wp:attachment":[{"href":"https:\/\/einklang-alexandra-stahl.de\/index.php\/wp-json\/wp\/v2\/media?parent=10"}],"curies":[{"name":"wp","href":"https:\/\/api.w.org\/{rel}","templated":true}]}}