{"id":122,"date":"2012-05-23T17:50:39","date_gmt":"2012-05-23T17:50:39","guid":{"rendered":"http:\/\/einklang-alexandra-stahl.de\/?page_id=122"},"modified":"2015-08-26T13:38:40","modified_gmt":"2015-08-26T13:38:40","slug":"kontakt","status":"publish","type":"page","link":"https:\/\/einklang-alexandra-stahl.de\/index.php\/kontakt\/","title":{"rendered":"Kontakt"},"content":{"rendered":"<p>&nbsp;<\/p>\n<p><img loading=\"lazy\" decoding=\"async\" class=\"alignleft wp-image-21\" title=\"Alexandra Stahl\" src=\"http:\/\/einklang-alexandra-stahl.de\/wp-content\/uploads\/AlexandraStahl.jpg\" alt=\"\" width=\"120\" height=\"179\" \/>Alexandra Stahl<br \/>\nArnulfstr. 35 E<br \/>\n86157 Augsburg<\/p>\n<p>Tel. 0821 \/ 54 23 39<br \/>\nFax 0821 \/ 44 81 265<\/p>\n<p>Mobil: 0171 \/ 759 1901<\/p>\n<p>email: [enkode]<a href=\"mailto:willkommen@einklang-alexandra-stahl.de\" target=\"_blank\">willkommen@einklang-alexandra-stahl.de<\/a>[\/enkode]<\/p>\n<p>&nbsp;<\/p>\n<ul>\n<li>Sprechzeiten nach telefonischer Vereinbarung, bei Bedarf auch am Samstag<\/li>\n<li>Beste Sprechzeiten: Mo &#8211; Do 8.00 &#8211; 9.00 Uhr, Mo. und Mi. 17.00 &#8211; 18.00 Uhr<\/li>\n<li>Telefonischen Beratung<\/li>\n<li>Hausbesuche<\/li>\n<\/ul>\n<p><iframe loading=\"lazy\" src=\"http:\/\/maps.google.de\/maps?f=q&amp;source=s_q&amp;hl=de&amp;geocode=&amp;q=Arnulfstra%C3%9Fe+35E,+86157,+Augsburg&amp;aq=0&amp;oq=Arnulfstra%C3%9Fe+35E+86157+Augsburg&amp;sll=51.151786,10.415039&amp;sspn=14.408862,37.353516&amp;ie=UTF8&amp;hq=&amp;hnear=Arnulfstra%C3%9Fe+35E,+86157+Augsburg,+Schwaben,+Bayern&amp;t=m&amp;ll=48.358074,10.868225&amp;spn=0.039923,0.072956&amp;z=13&amp;iwloc=A&amp;output=embed\" width=\"425\" height=\"350\" frameborder=\"0\" marginwidth=\"0\" marginheight=\"0\" scrolling=\"no\"><\/iframe><br \/>\n<small><a style=\"color: #0000ff; text-align: left;\" href=\"http:\/\/maps.google.de\/maps?f=q&amp;source=embed&amp;hl=de&amp;geocode=&amp;q=Arnulfstra%C3%9Fe+35E,+86157,+Augsburg&amp;aq=0&amp;oq=Arnulfstra%C3%9Fe+35E+86157+Augsburg&amp;sll=51.151786,10.415039&amp;sspn=14.408862,37.353516&amp;ie=UTF8&amp;hq=&amp;hnear=Arnulfstra%C3%9Fe+35E,+86157+Augsburg,+Schwaben,+Bayern&amp;t=m&amp;ll=48.358074,10.868225&amp;spn=0.039923,0.072956&amp;z=13&amp;iwloc=A\">Gr\u00f6\u00dfere Kartenansicht<\/a><\/small><\/p>\n<p><small>Der Weg zu meiner Praxis in Augsburg:<\/small><\/p>\n<p><small>Mit dem Zug bis Augsburg Hbf: \u00a0Stra\u00dfenbahn Linie 3 Richtung Stadtbergen bis Haltestelle Pfersee S\u00fcd benutzen,\u00a0 \u00fcber Leitershofer- Brunnenbach-, und Hans-Adlhochstra\u00dfe \u00a0in die Arnulfstr. 35 e,\u00a0 ca. 10 Min. Fu\u00dfweg. <\/small><\/p>\n<p><small>Vom Stadtzentrum Augsburg kommend westlich,\u00a0vorbei am\u00a0Hauptbahnhof durch die Unterf\u00fchrung die Augsburger Str. bis zur Kreuzung Franz Kobinger Str. (linker Hand\u00a0Jugenstilkirche Herz Jesu)\u00a0hier\u00a0links abbiegen. Am Ende der Stra\u00dfe rechts in die Hans Adlhochstra\u00dfe, dann 3. Stra\u00dfe links, in die Arnulfstra\u00dfe.<\/small><\/p>\n<p><small>Autobahnabfahrt Augsburg West &#8211; Richtung Landsberg auf die B 17 <\/small><\/p>\n<p><small>Von der B 17 kommend Abfahrt Augsburg\/Leitershofen\/Pfersee S\u00fcd &#8211; Richtung Augsburg Pfersee, \u00fcber 2 Kreisverkehre gerade aus bis zur 1. Ampel, dort rechts in die Chemnitzerstra\u00dfe, dann 2. Stra\u00dfe links in die Arnulfstra\u00dfe einbiegen. ( ca 8 Min.)<\/small><\/p>\n","protected":false},"excerpt":{"rendered":"<p>&nbsp; Alexandra Stahl Arnulfstr. 35 E 86157 Augsburg Tel. 0821 \/ 54 23 39 Fax 0821 \/ 44 81 265 Mobil: 0171 \/ 759 1901 email: [enkode]willkommen@einklang-alexandra-stahl.de[\/enkode] &nbsp; Sprechzeiten nach telefonischer Vereinbarung, bei Bedarf auch am Samstag Beste Sprechzeiten: Mo &#8211; Do 8.00 &#8211; 9.00 Uhr, Mo. und Mi. 17.00 &#8211; 18.00 Uhr Telefonischen Beratung [&hellip;]<\/p>\n","protected":false},"author":1,"featured_media":185,"parent":0,"menu_order":60,"comment_status":"closed","ping_status":"closed","template":"","meta":{"footnotes":""},"class_list":["post-122","page","type-page","status-publish","has-post-thumbnail","hentry"],"_links":{"self":[{"href":"https:\/\/einklang-alexandra-stahl.de\/index.php\/wp-json\/wp\/v2\/pages\/122","targetHints":{"allow":["GET"]}}],"collection":[{"href":"https:\/\/einklang-alexandra-stahl.de\/index.php\/wp-json\/wp\/v2\/pages"}],"about":[{"href":"https:\/\/einklang-alexandra-stahl.de\/index.php\/wp-json\/wp\/v2\/types\/page"}],"author":[{"embeddable":true,"href":"https:\/\/einklang-alexandra-stahl.de\/index.php\/wp-json\/wp\/v2\/users\/1"}],"replies":[{"embeddable":true,"href":"https:\/\/einklang-alexandra-stahl.de\/index.php\/wp-json\/wp\/v2\/comments?post=122"}],"version-history":[{"count":55,"href":"https:\/\/einklang-alexandra-stahl.de\/index.php\/wp-json\/wp\/v2\/pages\/122\/revisions"}],"predecessor-version":[{"id":1280,"href":"https:\/\/einklang-alexandra-stahl.de\/index.php\/wp-json\/wp\/v2\/pages\/122\/revisions\/1280"}],"wp:featuredmedia":[{"embeddable":true,"href":"https:\/\/einklang-alexandra-stahl.de\/index.php\/wp-json\/wp\/v2\/media\/185"}],"wp:attachment":[{"href":"https:\/\/einklang-alexandra-stahl.de\/index.php\/wp-json\/wp\/v2\/media?parent=122"}],"curies":[{"name":"wp","href":"https:\/\/api.w.org\/{rel}","templated":true}]}}