{"id":18,"date":"2012-05-03T15:55:31","date_gmt":"2012-05-03T15:55:31","guid":{"rendered":"http:\/\/einklang-alexandra-stahl.de\/?page_id=18"},"modified":"2013-02-17T11:53:14","modified_gmt":"2013-02-17T11:53:14","slug":"klangschalenmassage","status":"publish","type":"page","link":"https:\/\/einklang-alexandra-stahl.de\/index.php\/mein-angebot\/klangschalenmassage\/","title":{"rendered":"Klangschalenmassage"},"content":{"rendered":"<p style=\"text-align: center;\"><em>\u201e Was vor uns und hinter uns liegt ist v\u00f6llig unbedeutend<\/em><br \/>\n<em>Angesichts dessen,<\/em><br \/>\n<em>was in uns liegt.\u201c<\/em><\/p>\n<p style=\"text-align: center;\"><em>RALPH WALDO EMERSON<\/em><\/p>\n<p><img loading=\"lazy\" decoding=\"async\" class=\"alignleft size-full wp-image-243\" title=\"Klang_Liege300x200\" src=\"http:\/\/einklang-alexandra-stahl.de\/wp-content\/uploads\/Klang_Liege300x200.jpg\" alt=\"\" width=\"300\" height=\"200\" \/>Auf der Suche nach \u201ewer bin ich?\u201c begegneten mir die bis zu diesem Zeitpunkt sehr mystisch erscheinenden tibetischen Klangschalen. Ihre Kl\u00e4nge und Schwingungen heilten, beruhigten und belebten mich auf eine wunderbare Art und Weise. Seither sch\u00e4tze ich die transformierende Wirkung der Klangschalen.<\/p>\n<p>Erlauben sie sich zu werden wer Sie sind<\/p>\n<ul>\n<li>steigen sie aus Ihrem Gedankenkarussell aus<\/li>\n<li>g\u00f6nnen sie Ihrem Geist einen langen Moment Urlaub<\/li>\n<li>tauchen sie ein in die kraftvolle, reinigende und transformierende Welt der Kl\u00e4nge<\/li>\n<li>f\u00fchlen sie die tiefe, heilende, entspannende Wirkung der Schwingung der Klangschalen<\/li>\n<li>sp\u00fcren sie Ihren Wesenskern und erlauben sie ihm sich zu entfalten<\/li>\n<li>zu klingen und zu schwingen<\/li>\n<li>finden sie Ihre LEBENS &#8211; MELODIE<\/li>\n<\/ul>\n<h4><\/h4>\n<p><!--more--><\/p>\n<h4><strong>Klangschalen \u2013 Faszination und Heilung &#8211; aus Tibet<\/strong><\/h4>\n<p>Tiefgreifende Entspannung erm\u00f6glicht Heilung bei vielen Beschwerden:<\/p>\n<p><em>Schlaflosigkeit, Verspannungen in allen K\u00f6rperregionen, Migr\u00e4ne, Burn Out, Depression, Unruhezust\u00e4nde, \u00c4ngste, Konzentrationsst\u00f6rungen, Anregung und Regulation aller K\u00f6rperfl\u00fcssigkeiten, Beseitigung von Blockaden\u2026<\/em><\/p>\n<p><strong>\u00a0Das Geheimnis der Klangschalenmassage<\/strong><\/p>\n<p>Klangschalen\u00a0 k\u00f6nnen auf eine \u00fcber 5000 Jahre alte Tradition zur\u00fcck blicken. Ihre reiche Klangwelt war ein Teil der Zeremonien und Meditationen bei den Buddhistischen M\u00f6nchen in Tibet. So breitete sich das Wissen um die Wirkung\u00a0 der\u00a0 Klangschalen zun\u00e4chst nur in den L\u00e4ndern mit Buddhistischen Zentren wie Indien oder Nepal aus. Erst als die Chinesen 1959 Tibet\u00a0 eroberten und die fliehenden M\u00f6nche ihre Klangschalen im Gep\u00e4ck hatten, traten die Klangschalen ihren Weg um die Welt an.<\/p>\n<p>Die Klangschale ist das obertonreichste Instrument der Welt wie z.B. das Rauschen des Meeres oder der Gesang der V\u00f6gel. Aus der energetischen Wirkung von Kl\u00e4ngen, wir kennen sie bereits alle aus dem Mutterleib, und Schwingung auf den menschlichen K\u00f6rper und seine Psyche, entwickelte sich die Klangschalen \u2013 Therapie bzw. Massage.<\/p>\n<p>In bequemer, warmer Lage werden die Schalen auf dem bekleideten K\u00f6rper platziert und sanft angeschlagen. Die so entstandenen Schallwellen werden im Ohr in Impulse umgewandelt und dem Gehirn zu gef\u00fchrt. Der Klang l\u00e4sst den Menschen lauschen, nicht nur nach Au\u00dfen, sondern vor allem nach Innen.<\/p>\n<p>Der Mensch besteht zu \u00fcber 70 % aus Wasser. Wasser ist der beste Informationstr\u00e4ger und befindet sich in jeder unserer Zellen.<\/p>\n<p>Die durch das Anschlagen ausgel\u00f6sten sp\u00fcrbaren Vibrationen der Schalen versetzen den K\u00f6rper bis in jede Zelle und jedes kleinste Atom in Schwingungen, es geschieht sozusagen Massage auf der Zellebene. Die Oberfl\u00e4chenspannung der Zellfl\u00fcssigkeit, die sich durch Stress- und zahlreiche emotionale Erlebnisse ver\u00e4ndert hat kommt in Bewegung und lockert sich. Die Zellfl\u00fcssigkeit hat die M\u00f6glichkeit sich an Ihren heilen Urzustand zu erinnern und ist bestrebt, sich wieder in diese Richtung zu sortieren. Ein absolutes LOS-LASSEN geschieht fast von alleine. Tiefe Entspannung und das Gef\u00fchl von Geborgenheit entstehen, ein Zustand der ideal ist f\u00fcr Heilung.<\/p>\n<p>Durch vermehrtes Trinken unterst\u00fctzen sie Ihre Zellen bei diesem Prozess.<\/p>\n","protected":false},"excerpt":{"rendered":"<p>\u201e Was vor uns und hinter uns liegt ist v\u00f6llig unbedeutend Angesichts dessen, was in uns liegt.\u201c RALPH WALDO EMERSON Auf der Suche nach \u201ewer bin ich?\u201c begegneten mir die bis zu diesem Zeitpunkt sehr mystisch erscheinenden tibetischen Klangschalen. Ihre Kl\u00e4nge und Schwingungen heilten, beruhigten und belebten mich auf eine wunderbare Art und Weise. Seither [&hellip;]<\/p>\n","protected":false},"author":1,"featured_media":187,"parent":6,"menu_order":30,"comment_status":"closed","ping_status":"open","template":"","meta":{"footnotes":""},"class_list":["post-18","page","type-page","status-publish","has-post-thumbnail","hentry"],"_links":{"self":[{"href":"https:\/\/einklang-alexandra-stahl.de\/index.php\/wp-json\/wp\/v2\/pages\/18","targetHints":{"allow":["GET"]}}],"collection":[{"href":"https:\/\/einklang-alexandra-stahl.de\/index.php\/wp-json\/wp\/v2\/pages"}],"about":[{"href":"https:\/\/einklang-alexandra-stahl.de\/index.php\/wp-json\/wp\/v2\/types\/page"}],"author":[{"embeddable":true,"href":"https:\/\/einklang-alexandra-stahl.de\/index.php\/wp-json\/wp\/v2\/users\/1"}],"replies":[{"embeddable":true,"href":"https:\/\/einklang-alexandra-stahl.de\/index.php\/wp-json\/wp\/v2\/comments?post=18"}],"version-history":[{"count":30,"href":"https:\/\/einklang-alexandra-stahl.de\/index.php\/wp-json\/wp\/v2\/pages\/18\/revisions"}],"predecessor-version":[{"id":1069,"href":"https:\/\/einklang-alexandra-stahl.de\/index.php\/wp-json\/wp\/v2\/pages\/18\/revisions\/1069"}],"up":[{"embeddable":true,"href":"https:\/\/einklang-alexandra-stahl.de\/index.php\/wp-json\/wp\/v2\/pages\/6"}],"wp:featuredmedia":[{"embeddable":true,"href":"https:\/\/einklang-alexandra-stahl.de\/index.php\/wp-json\/wp\/v2\/media\/187"}],"wp:attachment":[{"href":"https:\/\/einklang-alexandra-stahl.de\/index.php\/wp-json\/wp\/v2\/media?parent=18"}],"curies":[{"name":"wp","href":"https:\/\/api.w.org\/{rel}","templated":true}]}}