{"id":20,"date":"2012-05-03T15:57:29","date_gmt":"2012-05-03T15:57:29","guid":{"rendered":"http:\/\/einklang-alexandra-stahl.de\/?page_id=20"},"modified":"2012-12-26T20:07:28","modified_gmt":"2012-12-26T20:07:28","slug":"alexandra-stahl-augsburg","status":"publish","type":"page","link":"https:\/\/einklang-alexandra-stahl.de\/index.php\/alexandra-stahl-augsburg\/","title":{"rendered":"\u00dcber mich"},"content":{"rendered":"<p><img loading=\"lazy\" decoding=\"async\" class=\"alignleft size-full wp-image-21\" title=\"Alexandra Stahl, Augsburg\" src=\"\/wp-content\/uploads\/AlexandraStahl200x299.jpg\" alt=\"\" width=\"200\" height=\"299\" \/><\/p>\n<p>&nbsp;<\/p>\n<blockquote>\n<p style=\"text-align: center;\"><span style=\"color: #993300;\"><em>Lust und Zauber<\/em><\/span><br \/>\n<span style=\"color: #993300;\"><em>liegen mir im Bauch,<\/em><\/span><br \/>\n<span style=\"color: #993300;\"><em>ich vertraue (dem Leben) Gott,<\/em><\/span><br \/>\n<span style=\"color: #993300;\"><em>mir zu geben was ich brauch \u2013<\/em><\/span><\/p>\n<p style=\"text-align: center;\"><span style=\"color: #993300;\"><em>Lebe hoch du Tanz der Freude,<\/em><\/span><br \/>\n<span style=\"color: #993300;\"><em>grab dich tief in meine Haut,<\/em><\/span><br \/>\n<span style=\"color: #993300;\"><em>damit noch viele Stunden weiter,<\/em><\/span><br \/>\n<span style=\"color: #993300;\"><em>ich lieben kann<\/em><\/span><br \/>\n<span style=\"color: #993300;\"><em>und lachen auch.<\/em><\/span><\/p>\n<\/blockquote>\n<p style=\"text-align: center;\"><span style=\"color: #993300;\"><em>Anja Janosi<\/em><\/span><\/p>\n<p>&nbsp;<\/p>\n<p>In Augsburg geboren, bin ich hier gro\u00df geworden. Meine beiden S\u00f6hne haben sich in n\u00e4herer und weiterer Entfernung niedergelassen.<br \/>\nIch mag Menschen, h\u00f6re ihnen gerne zu. Und wenn sie Hilfe brauchen, freue mich mit ihnen und f\u00fcr sie zu arbeiten und sie auf Ihrem Weg\u00a0 durch Lebens-, Bewusstseins-\u00a0 und Gesundheitsthemen aller Art zu begleiten.<br \/>\nEine Lebenskrise Ende der 90iger Jahre \u00f6ffnete mir die Augen f\u00fcr eine mir bis dahin unbekannte, noch immer faszinierende Welt. Begriffe wie Transformation, Resonanz, Wahrnehmung,\u00a0 Spiritualit\u00e4t uvm.\u00a0 f\u00fcllten sich mit Leben. Mein Bewusstsein weitete und ver\u00e4nderte sich. Das zunehmende Verst\u00e4ndnis \u00fcber das Zusammenspiel von\u00a0 Emotionen, Glaubenss\u00e4tzen,\u00a0Erfahrungen auf der einen Seite, und K\u00f6rper, Geist, Seele und Charisma auf der anderen Seite, sowie die damit verbundenen M\u00f6glichkeiten und Chancen f\u00fcr Ver\u00e4nderungen und\u00a0deren Umsetzung im t\u00e4glichen Leben, als auch ein immer gr\u00f6\u00dfer werdendes Vertrauen in die g\u00f6ttliche F\u00fchrung, lie\u00dfen mich mehr und mehr zu dem werden was und wie ich heute bin und lebe.<\/p>\n<p>R\u00fcckblickend kann ich heute sagen, dass alle Situationen, Ereignisse, Begegnungen und Krisen in meinem Leben\u00a0 f\u00fcr meine Entwicklung wichtig waren und zu einem Teil von mir\/in mir geworden sind, mit dem ich im Frieden bin.<br \/>\nIch bin gerne f\u00fcr Sie da und freue mich, Sie auf einem St\u00fcck Ihres Weges zu begleiten.<\/p>\n","protected":false},"excerpt":{"rendered":"<p>&nbsp; Lust und Zauber liegen mir im Bauch, ich vertraue (dem Leben) Gott, mir zu geben was ich brauch \u2013 Lebe hoch du Tanz der Freude, grab dich tief in meine Haut, damit noch viele Stunden weiter, ich lieben kann und lachen auch. Anja Janosi &nbsp; In Augsburg geboren, bin ich hier gro\u00df geworden. Meine [&hellip;]<\/p>\n","protected":false},"author":1,"featured_media":97,"parent":0,"menu_order":30,"comment_status":"closed","ping_status":"open","template":"","meta":{"footnotes":""},"class_list":["post-20","page","type-page","status-publish","has-post-thumbnail","hentry"],"_links":{"self":[{"href":"https:\/\/einklang-alexandra-stahl.de\/index.php\/wp-json\/wp\/v2\/pages\/20","targetHints":{"allow":["GET"]}}],"collection":[{"href":"https:\/\/einklang-alexandra-stahl.de\/index.php\/wp-json\/wp\/v2\/pages"}],"about":[{"href":"https:\/\/einklang-alexandra-stahl.de\/index.php\/wp-json\/wp\/v2\/types\/page"}],"author":[{"embeddable":true,"href":"https:\/\/einklang-alexandra-stahl.de\/index.php\/wp-json\/wp\/v2\/users\/1"}],"replies":[{"embeddable":true,"href":"https:\/\/einklang-alexandra-stahl.de\/index.php\/wp-json\/wp\/v2\/comments?post=20"}],"version-history":[{"count":63,"href":"https:\/\/einklang-alexandra-stahl.de\/index.php\/wp-json\/wp\/v2\/pages\/20\/revisions"}],"predecessor-version":[{"id":1018,"href":"https:\/\/einklang-alexandra-stahl.de\/index.php\/wp-json\/wp\/v2\/pages\/20\/revisions\/1018"}],"wp:featuredmedia":[{"embeddable":true,"href":"https:\/\/einklang-alexandra-stahl.de\/index.php\/wp-json\/wp\/v2\/media\/97"}],"wp:attachment":[{"href":"https:\/\/einklang-alexandra-stahl.de\/index.php\/wp-json\/wp\/v2\/media?parent=20"}],"curies":[{"name":"wp","href":"https:\/\/api.w.org\/{rel}","templated":true}]}}