{"id":25,"date":"2012-05-03T15:59:39","date_gmt":"2012-05-03T15:59:39","guid":{"rendered":"http:\/\/einklang-alexandra-stahl.de\/?page_id=25"},"modified":"2016-01-02T13:39:30","modified_gmt":"2016-01-02T13:39:30","slug":"impressum","status":"publish","type":"page","link":"https:\/\/einklang-alexandra-stahl.de\/index.php\/impressum\/","title":{"rendered":"Impressum"},"content":{"rendered":"<p><strong>Angaben gem\u00e4\u00df \u00a7 5 TMG:<\/strong><br \/>\nAlexandra Stahl<br \/>\nArnulfstr. 35 E<br \/>\n86157 Augsburg<\/p>\n<p>Tel. 0821 \/ 54 23 39<\/p>\n<p>email: [enkode]willkommen@einklang-alexandra-stahl.de[\/enkode]<\/p>\n<p><strong>Inhaltlich Verantwortlicher gem\u00e4\u00df \u00a7 10 Absatz 3 MDStV und V.i.S.d.P.<\/strong><br \/>\nAlexandra Stahl (Anschrift wie oben)<\/p>\n<p><strong>Layout, Design<\/strong><br \/>\nCMS WordPress mit theme Wedding Bells 1.1.2 von <a href=\"http:\/\/lauriliimatta.com\" target=\"blank_\">Lauri Liimatta<\/a>, angepasst von <a href=\"http:\/\/coachandmore.de\">Christian Wedemeyer<\/a><\/p>\n<p><strong>Fotos, Grafiken<\/strong><br \/>\n\u00a9 Alexandra Stahl<br \/>\nBilder von <a href=\"http:\/\/www.pixelio.de\" target=\"_blank\">www.pixelio.de<\/a>: wie angegeben im Bild<br \/>\nSunrise, \u00a9 Olga Khoroshunova #31064531 \/ <a href=\"http:\/\/www.fotolia.com\" target=\"_blank\">Fotolia.com<\/a><br \/>\nWaterfall, Plitvice lakes National Park, Croatia \u00a9 pioregur #23658434 \/ Fotolia.com<br \/>\nShell with a pearl, \u00a9 silvae #31650930 \/ Fotolia.com<br \/>\nUrlaubstr\u00e4ume, Strandgut, Meeresschnecke \u00a9 mahey #36804450 \/ Fotolia.com<br \/>\nBare little feet with flower, \u00a9 Anke van Wyk #28727523 \/ Fotolia.com<br \/>\nUrlaubstr\u00e4ume, Strandgut, Meeresschnecke, \u00a9 mahey #36804450 \/ Fotolia.com<\/p>\n<p><strong>Wichtiger Hinweis:<\/strong><br \/>\nMeine Beratungen ersetzen keinen Arztbesuch!<\/p>\n<p>Es werden keine Diagnosen, Therapien, Behandlungen im medizinischen Sinne durchgef\u00fchrt oder sonstige Heilkunde im gesetzlichen Sinne ausge\u00fcbt. Die Behandlungen k\u00f6nnen eine \u00e4rztliche Behandlung nicht ersetzen.<br \/>\nDie Therapeutin h\u00e4lt eine Zusammenarbeit mit \u00c4rzten f\u00fcr sehr wichtig. Daher soll eine laufende Behandlung nicht unterlassen werden; dies ist mit dem behandelnden Arzt oder Therapeuten\u00a0 zu besprechen. Die Verantwortung liegt ganz beim Klienten. Es werden keine Heil-Versprechen gegeben, sodass im Klienten keine falschen Hoffnungen geweckt werden. Es ist in der freien Verantwortung und Entscheidung des Klienten, die Besuche fortzusetzen bzw. abzubrechen, ebenso die Zustimmung bzw. die Ablehnung zu den Behandlungsabl\u00e4ufen. Der Klient wird beim ersten Besuch dar\u00fcber aufgekl\u00e4rt, was ihn bei den Sitzungen erwartet.<\/p>\n<p><strong>Haftung f\u00fcr Inhalte<\/strong><br \/>\nAls Diensteanbieter sind wir gem\u00e4\u00df \u00a7 7 Abs.1 TMG f\u00fcr eigene Inhalte auf diesen Seiten nach den allgemeinen Gesetzen verantwortlich. Nach \u00a7\u00a7 8 bis 10 TMG sind wir als Diensteanbieter jedoch nicht verpflichtet, \u00fcbermittelte oder gespeicherte fremde Informationen zu \u00fcberwachen oder nach Umst\u00e4nden zu forschen, die auf eine rechtswidrige T\u00e4tigkeit hinweisen. Verpflichtungen zur Entfernung oder Sperrung der Nutzung von Informationen nach den allgemeinen Gesetzen bleiben hiervon unber\u00fchrt. Eine diesbez\u00fcgliche Haftung ist jedoch erst ab dem Zeitpunkt der Kenntnis einer konkreten Rechtsverletzung m\u00f6glich. Bei Bekanntwerden von entsprechenden Rechtsverletzungen werden wir diese Inhalte umgehend entfernen.<\/p>\n<p><strong>Haftung f\u00fcr Links<\/strong><br \/>\nUnser Angebot enth\u00e4lt Links zu externen Webseiten Dritter, auf deren Inhalte wir keinen Einfluss haben. Deshalb k\u00f6nnen wir f\u00fcr diese fremden Inhalte auch keine Gew\u00e4hr \u00fcbernehmen. F\u00fcr die Inhalte der verlinkten Seiten ist stets der jeweilige Anbieter oder Betreiber der Seiten verantwortlich. Die verlinkten Seiten wurden zum Zeitpunkt der Verlinkung auf m\u00f6gliche Rechtsverst\u00f6\u00dfe \u00fcberpr\u00fcft. Rechtswidrige Inhalte waren zum Zeitpunkt der Verlinkung nicht erkennbar. Eine permanente inhaltliche Kontrolle der verlinkten Seiten ist jedoch ohne konkrete Anhaltspunkte einer Rechtsverletzung nicht zumutbar. Bei Bekanntwerden von Rechtsverletzungen werden wir derartige Links umgehend entfernen.<\/p>\n<p><strong>Urheberrecht<\/strong><br \/>\nDie durch die Seitenbetreiber erstellten Inhalte und Werke auf diesen Seiten unterliegen dem deutschen Urheberrecht. Die Vervielf\u00e4ltigung, Bearbeitung, Verbreitung und jede Art der Verwertung au\u00dferhalb der Grenzen des Urheberrechtes bed\u00fcrfen der schriftlichen Zustimmung des jeweiligen Autors bzw. Erstellers. Downloads und Kopien dieser Seite sind nur f\u00fcr den privaten, nicht kommerziellen Gebrauch gestattet. Soweit die Inhalte auf dieser Seite nicht vom Betreiber erstellt wurden, werden die Urheberrechte Dritter beachtet. Insbesondere werden Inhalte Dritter als solche gekennzeichnet. Sollten Sie trotzdem auf eine Urheberrechtsverletzung aufmerksam werden, bitten wir um einen entsprechenden Hinweis. Bei Bekanntwerden von Rechtsverletzungen werden wir derartige Inhalte umgehend entfernen.<\/p>\n<p>Quelle: <a href=\"http:\/\/www.e-recht24.de\" target=\"_blank\" rel=\"nofollow\">http:\/\/www.e-recht24.de<\/a><\/p>\n","protected":false},"excerpt":{"rendered":"<p>Angaben gem\u00e4\u00df \u00a7 5 TMG: Alexandra Stahl Arnulfstr. 35 E 86157 Augsburg Tel. 0821 \/ 54 23 39 email: [enkode]willkommen@einklang-alexandra-stahl.de[\/enkode] Inhaltlich Verantwortlicher gem\u00e4\u00df \u00a7 10 Absatz 3 MDStV und V.i.S.d.P. Alexandra Stahl (Anschrift wie oben) Layout, Design CMS WordPress mit theme Wedding Bells 1.1.2 von Lauri Liimatta, angepasst von Christian Wedemeyer Fotos, Grafiken \u00a9 Alexandra [&hellip;]<\/p>\n","protected":false},"author":1,"featured_media":0,"parent":0,"menu_order":1000,"comment_status":"closed","ping_status":"open","template":"","meta":{"footnotes":""},"class_list":["post-25","page","type-page","status-publish","hentry"],"_links":{"self":[{"href":"https:\/\/einklang-alexandra-stahl.de\/index.php\/wp-json\/wp\/v2\/pages\/25","targetHints":{"allow":["GET"]}}],"collection":[{"href":"https:\/\/einklang-alexandra-stahl.de\/index.php\/wp-json\/wp\/v2\/pages"}],"about":[{"href":"https:\/\/einklang-alexandra-stahl.de\/index.php\/wp-json\/wp\/v2\/types\/page"}],"author":[{"embeddable":true,"href":"https:\/\/einklang-alexandra-stahl.de\/index.php\/wp-json\/wp\/v2\/users\/1"}],"replies":[{"embeddable":true,"href":"https:\/\/einklang-alexandra-stahl.de\/index.php\/wp-json\/wp\/v2\/comments?post=25"}],"version-history":[{"count":17,"href":"https:\/\/einklang-alexandra-stahl.de\/index.php\/wp-json\/wp\/v2\/pages\/25\/revisions"}],"predecessor-version":[{"id":1315,"href":"https:\/\/einklang-alexandra-stahl.de\/index.php\/wp-json\/wp\/v2\/pages\/25\/revisions\/1315"}],"wp:attachment":[{"href":"https:\/\/einklang-alexandra-stahl.de\/index.php\/wp-json\/wp\/v2\/media?parent=25"}],"curies":[{"name":"wp","href":"https:\/\/api.w.org\/{rel}","templated":true}]}}