{"id":34,"date":"2012-05-03T16:03:26","date_gmt":"2012-05-03T16:03:26","guid":{"rendered":"http:\/\/einklang-alexandra-stahl.de\/?page_id=34"},"modified":"2022-06-09T16:09:36","modified_gmt":"2022-06-09T16:09:36","slug":"aktuelles","status":"publish","type":"page","link":"https:\/\/einklang-alexandra-stahl.de\/index.php\/aktuelles\/","title":{"rendered":"Aktuelles"},"content":{"rendered":"<h3><strong>Individuelles Coaching <\/strong><\/h3>\n<p><strong>&#8222;Raus aus der Angst&#8230;<\/strong><\/p>\n<p><strong>rein in die eigene (Sch\u00f6pfer)Kraft&#8220;<\/strong><\/p>\n<p>Bewusst WERDEN der in mir selbst schlummernden Kr\u00e4fte und M\u00f6glichkeiten zur Mitgestaltung meines Lebens, meiner W\u00fcnsche f\u00fcr die Zukunft.<\/p>\n<p>Gerade in besonders herausfordernden Zeiten!<\/p>\n<p>Terminvereinbarung siehe unter Kontakt.<\/p>\n<p>Preis pro 60 Min. \u20ac 80,00<\/p>\n","protected":false},"excerpt":{"rendered":"<p>Individuelles Coaching &#8222;Raus aus der Angst&#8230; rein in die eigene (Sch\u00f6pfer)Kraft&#8220; Bewusst WERDEN der in mir selbst schlummernden Kr\u00e4fte und M\u00f6glichkeiten zur Mitgestaltung meines Lebens, meiner W\u00fcnsche f\u00fcr die Zukunft. Gerade in besonders herausfordernden Zeiten! Terminvereinbarung siehe unter Kontakt. Preis pro 60 Min. \u20ac 80,00<\/p>\n","protected":false},"author":1,"featured_media":81,"parent":0,"menu_order":50,"comment_status":"closed","ping_status":"open","template":"template-page-fullwidth.php","meta":{"footnotes":""},"class_list":["post-34","page","type-page","status-publish","has-post-thumbnail","hentry"],"_links":{"self":[{"href":"https:\/\/einklang-alexandra-stahl.de\/index.php\/wp-json\/wp\/v2\/pages\/34","targetHints":{"allow":["GET"]}}],"collection":[{"href":"https:\/\/einklang-alexandra-stahl.de\/index.php\/wp-json\/wp\/v2\/pages"}],"about":[{"href":"https:\/\/einklang-alexandra-stahl.de\/index.php\/wp-json\/wp\/v2\/types\/page"}],"author":[{"embeddable":true,"href":"https:\/\/einklang-alexandra-stahl.de\/index.php\/wp-json\/wp\/v2\/users\/1"}],"replies":[{"embeddable":true,"href":"https:\/\/einklang-alexandra-stahl.de\/index.php\/wp-json\/wp\/v2\/comments?post=34"}],"version-history":[{"count":403,"href":"https:\/\/einklang-alexandra-stahl.de\/index.php\/wp-json\/wp\/v2\/pages\/34\/revisions"}],"predecessor-version":[{"id":1369,"href":"https:\/\/einklang-alexandra-stahl.de\/index.php\/wp-json\/wp\/v2\/pages\/34\/revisions\/1369"}],"wp:featuredmedia":[{"embeddable":true,"href":"https:\/\/einklang-alexandra-stahl.de\/index.php\/wp-json\/wp\/v2\/media\/81"}],"wp:attachment":[{"href":"https:\/\/einklang-alexandra-stahl.de\/index.php\/wp-json\/wp\/v2\/media?parent=34"}],"curies":[{"name":"wp","href":"https:\/\/api.w.org\/{rel}","templated":true}]}}