{"id":57,"date":"2012-05-17T09:41:40","date_gmt":"2012-05-17T09:41:40","guid":{"rendered":"http:\/\/einklang-alexandra-stahl.de\/?page_id=57"},"modified":"2012-11-08T21:47:20","modified_gmt":"2012-11-08T21:47:20","slug":"fussreflexzonenmassage","status":"publish","type":"page","link":"https:\/\/einklang-alexandra-stahl.de\/index.php\/mein-angebot\/fussreflexzonenmassage\/","title":{"rendered":"Fu\u00dfreflexzonenmassage"},"content":{"rendered":"<p>Die Kunst der Fu\u00dfreflexzonenmassage und der heilenden Ber\u00fchrung wird in China und Japan schon seit Tausenden von Jahren praktiziert. Schon fr\u00fch gab es im asiatischen Raum die Idee einer kosmischen Energie, die im menschlichen K\u00f6rper zirkuliert.<\/p>\n<p>Die Fu\u00dfreflexzonenmassage basiert auf dem Wissen, dass f\u00fcr jedes Organ des K\u00f6rpers eine entsprechende Reflexzone auf der Unter- und Oberseite der F\u00fc\u00dfe und ein St\u00fcck \u00fcber dem Kn\u00f6chel liegt.<br \/>\nHeute wei\u00df man, dass sich diese Zonen an mehreren Stellen des K\u00f6rpers befinden wie z.B. auch an den H\u00e4nden, den Ohren usw.<\/p>\n<p>Bei der Fu\u00dfreflexzonenmassage, genauer der Massage einer bestimmten Zone am Fu\u00df werden die Organe dieser Zone angesprochen. Dieses Erkl\u00e4rungsmodell leuchtet auch den westlichen Medizinern ein, da es die asiatische Theorie des Energieflusses mit den Fakten einer Energie\u00fcbertragung kombiniert. Bei den Asiaten werden den Organen zu ihrer Funktion bestimmte Emotionen zugeordnet wie z.B. dem Herz die positiven Emotionen Freude, Liebe, Gl\u00fcck, Ehre, Respekt, Aufrichtigkeit, Temperament und Ausstrahlung, sowie die negativen wie Ungeduld, Arroganz, Hektik, Launenhaftigkeit, Grausamkeit, Gewalt.<\/p>\n<p>Durch die Fu\u00dfreflexzonenmassage werden Blockaden im K\u00f6rper gel\u00f6st, so dass die lebenswichtigen Energien der Organe und alle K\u00f6rperfl\u00fcssigkeiten wieder ungehindert flie\u00dfen k\u00f6nnen. Analog dazu werden bisweilen emotionale Blockaden ber\u00fchrt. So ist \u00e4hnlich wie bei der Hom\u00f6opathie nach einer Behandlung eine Erstverschlimmerung m\u00f6glich.<br \/>\n<span style=\"font-size: small; color: #aaa;\"><br \/>\nWichtiger Hinweis:<br \/>\nMeine Beratungen ersetzen keinen Arztbesuch!<br \/>\nEs werden keine Diagnosen, Therapien, Behandlungen im medizinischen Sinne durchgef\u00fchrt oder sonstige Heilkunde im gesetzlichen Sinne ausge\u00fcbt. Die Behandlungen k\u00f6nnen eine \u00e4rztliche Behandlung nicht ersetzen.<br \/>\nDie Therapeutin h\u00e4lt eine Zusammenarbeit mit \u00c4rzten f\u00fcr sehr wichtig. Daher soll eine laufende Behandlung nicht unterlassen werden; dies ist mit dem behandelnden Arzt oder Therapeuten zu besprechen. Die Verantwortung liegt ganz beim Klienten. Es werden keine Heil-Versprechen gegeben, sodass im Klienten keine falschen Hoffnungen geweckt werden. Es ist in der freien Verantwortung und Entscheidung des Klienten, die Besuche fortzusetzen bzw. abzubrechen, ebenso die Zustimmung bzw. die Ablehnung zu den Behandlungsabl\u00e4ufen. Der Klient wird beim ersten Besuch dar\u00fcber aufgekl\u00e4rt, was ihn bei den Sitzungen erwartet.<\/span><\/p>\n","protected":false},"excerpt":{"rendered":"<p>Die Kunst der Fu\u00dfreflexzonenmassage und der heilenden Ber\u00fchrung wird in China und Japan schon seit Tausenden von Jahren praktiziert. Schon fr\u00fch gab es im asiatischen Raum die Idee einer kosmischen Energie, die im menschlichen K\u00f6rper zirkuliert. Die Fu\u00dfreflexzonenmassage basiert auf dem Wissen, dass f\u00fcr jedes Organ des K\u00f6rpers eine entsprechende Reflexzone auf der Unter- und [&hellip;]<\/p>\n","protected":false},"author":1,"featured_media":187,"parent":6,"menu_order":40,"comment_status":"closed","ping_status":"open","template":"","meta":{"footnotes":""},"class_list":["post-57","page","type-page","status-publish","has-post-thumbnail","hentry"],"_links":{"self":[{"href":"https:\/\/einklang-alexandra-stahl.de\/index.php\/wp-json\/wp\/v2\/pages\/57","targetHints":{"allow":["GET"]}}],"collection":[{"href":"https:\/\/einklang-alexandra-stahl.de\/index.php\/wp-json\/wp\/v2\/pages"}],"about":[{"href":"https:\/\/einklang-alexandra-stahl.de\/index.php\/wp-json\/wp\/v2\/types\/page"}],"author":[{"embeddable":true,"href":"https:\/\/einklang-alexandra-stahl.de\/index.php\/wp-json\/wp\/v2\/users\/1"}],"replies":[{"embeddable":true,"href":"https:\/\/einklang-alexandra-stahl.de\/index.php\/wp-json\/wp\/v2\/comments?post=57"}],"version-history":[{"count":13,"href":"https:\/\/einklang-alexandra-stahl.de\/index.php\/wp-json\/wp\/v2\/pages\/57\/revisions"}],"predecessor-version":[{"id":183,"href":"https:\/\/einklang-alexandra-stahl.de\/index.php\/wp-json\/wp\/v2\/pages\/57\/revisions\/183"}],"up":[{"embeddable":true,"href":"https:\/\/einklang-alexandra-stahl.de\/index.php\/wp-json\/wp\/v2\/pages\/6"}],"wp:featuredmedia":[{"embeddable":true,"href":"https:\/\/einklang-alexandra-stahl.de\/index.php\/wp-json\/wp\/v2\/media\/187"}],"wp:attachment":[{"href":"https:\/\/einklang-alexandra-stahl.de\/index.php\/wp-json\/wp\/v2\/media?parent=57"}],"curies":[{"name":"wp","href":"https:\/\/api.w.org\/{rel}","templated":true}]}}