{"id":59,"date":"2012-05-17T09:42:21","date_gmt":"2012-05-17T09:42:21","guid":{"rendered":"http:\/\/einklang-alexandra-stahl.de\/?page_id=59"},"modified":"2012-12-26T19:31:29","modified_gmt":"2012-12-26T19:31:29","slug":"tao-yoga","status":"publish","type":"page","link":"https:\/\/einklang-alexandra-stahl.de\/index.php\/mein-angebot\/tao-yoga\/","title":{"rendered":"Tao Yoga"},"content":{"rendered":"<p>&nbsp;<\/p>\n<p><strong>TAO YOGA DES HEILENS\u00a0\u00a0\u00a0\u00a0\u00a0\u00a0\u00a0\u00a0<\/strong><em>Die Kraft des INNEREN L\u00e4chelns<\/em><\/p>\n<p>nach Meister Mantak Chia aus China<\/p>\n<p>Diese einfach zu erlernende und leicht selbst\u00e4ndig anzuwendende Technik von Meister Mantak Chia aus China lehrt den \u00dcbenden die Umwandlung von <strong>\u201eStress &#8211;\u00a0 in Vitalit\u00e4t und Entspannung.\u201c<\/strong><\/p>\n<p>Die nicht vermeidbare t\u00e4gliche Begegnung mit Herausforderungen, Belastungen egal im Beruf oder Privat, und mit der oft auch negativen Gef\u00fchlswelt erschweren die Arbeit unserer Organe und somit den nat\u00fcrlichen Fluss unsere lebensnotwendigen K\u00f6rpers\u00e4fte. Das zeigt sich durch St\u00f6rungen bis hin zu Krankheiten unterschiedlichster Art auf der k\u00f6rperlichen, geistigen und seelischen Ebene.<\/p>\n<p>Wie jedes Lebewesen egal ob Mensch, Tier, Pflanze auf ein L\u00e4cheln, auf Zuwendung positiv und freudig reagiert, so tun dies auch unsere Organe wenn wir mit ihnen Kontakt aufnehmen und erst recht, wenn wir ihnen liebevoll nach innen zu l\u00e4cheln.<\/p>\n<p>Atmung, Bewegung, Laute, Farben wirken sich nachweislich heilend auf unser K\u00f6rpersystem aus. Das L\u00e4cheln nach innen zu den einzelnen Organen in Verbindung mit Atmung, kleinen K\u00f6rperbewegungen, vorgestellten Farben, Gef\u00fchlen und heilenden Lauten unterst\u00fctzt diese bei ihrer T\u00e4tigkeit. Sie werden von Giftstoffen befreit, von emotionalen Belastungen gereinigt, Blockaden l\u00f6sen sich auf \u00a0und die Energie kann wieder in ihrem urspr\u00fcnglichen Umfang frei und ungehindert flie\u00dfen.<\/p>\n<p>Diese \u201einnere Befreiung und Reinigung\u201c baut Anspannung, Druck und Stress ab und wirkt harmonisierend und ausgleichend. Sie schafft Platz f\u00fcr gesunden, st\u00f6rungsfreien Schlaf, tiefe Entspannung, Gelassenheit, Selbstsicherheit, neue Kreativit\u00e4t, Mut und Kraft.<\/p>\n<p>&nbsp;<\/p>\n<p>Regelm\u00e4\u00dfig angewendet ist TAO YOGA ausgezeichnet als Pr\u00e4vention bei Burn Out, Ersch\u00f6pfungszust\u00e4nden, Schlafst\u00f6rungen, Nervosit\u00e4t, Depression, Konzentrationsst\u00f6rungen sowie Stress jeglicher Art oder als Teil eines Behandlungskonzepts geeignet.<\/p>\n<p>&nbsp;<\/p>\n","protected":false},"excerpt":{"rendered":"<p>&nbsp; TAO YOGA DES HEILENS\u00a0\u00a0\u00a0\u00a0\u00a0\u00a0\u00a0\u00a0Die Kraft des INNEREN L\u00e4chelns nach Meister Mantak Chia aus China Diese einfach zu erlernende und leicht selbst\u00e4ndig anzuwendende Technik von Meister Mantak Chia aus China lehrt den \u00dcbenden die Umwandlung von \u201eStress &#8211;\u00a0 in Vitalit\u00e4t und Entspannung.\u201c Die nicht vermeidbare t\u00e4gliche Begegnung mit Herausforderungen, Belastungen egal im Beruf oder Privat, [&hellip;]<\/p>\n","protected":false},"author":1,"featured_media":187,"parent":6,"menu_order":50,"comment_status":"closed","ping_status":"open","template":"","meta":{"footnotes":""},"class_list":["post-59","page","type-page","status-publish","has-post-thumbnail","hentry"],"_links":{"self":[{"href":"https:\/\/einklang-alexandra-stahl.de\/index.php\/wp-json\/wp\/v2\/pages\/59","targetHints":{"allow":["GET"]}}],"collection":[{"href":"https:\/\/einklang-alexandra-stahl.de\/index.php\/wp-json\/wp\/v2\/pages"}],"about":[{"href":"https:\/\/einklang-alexandra-stahl.de\/index.php\/wp-json\/wp\/v2\/types\/page"}],"author":[{"embeddable":true,"href":"https:\/\/einklang-alexandra-stahl.de\/index.php\/wp-json\/wp\/v2\/users\/1"}],"replies":[{"embeddable":true,"href":"https:\/\/einklang-alexandra-stahl.de\/index.php\/wp-json\/wp\/v2\/comments?post=59"}],"version-history":[{"count":27,"href":"https:\/\/einklang-alexandra-stahl.de\/index.php\/wp-json\/wp\/v2\/pages\/59\/revisions"}],"predecessor-version":[{"id":359,"href":"https:\/\/einklang-alexandra-stahl.de\/index.php\/wp-json\/wp\/v2\/pages\/59\/revisions\/359"}],"up":[{"embeddable":true,"href":"https:\/\/einklang-alexandra-stahl.de\/index.php\/wp-json\/wp\/v2\/pages\/6"}],"wp:featuredmedia":[{"embeddable":true,"href":"https:\/\/einklang-alexandra-stahl.de\/index.php\/wp-json\/wp\/v2\/media\/187"}],"wp:attachment":[{"href":"https:\/\/einklang-alexandra-stahl.de\/index.php\/wp-json\/wp\/v2\/media?parent=59"}],"curies":[{"name":"wp","href":"https:\/\/api.w.org\/{rel}","templated":true}]}}