{"id":6,"date":"2012-05-03T15:52:16","date_gmt":"2012-05-03T15:52:16","guid":{"rendered":"http:\/\/einklang-alexandra-stahl.de\/?page_id=6"},"modified":"2014-05-28T23:51:33","modified_gmt":"2014-05-28T23:51:33","slug":"mein-angebot","status":"publish","type":"page","link":"https:\/\/einklang-alexandra-stahl.de\/index.php\/mein-angebot\/","title":{"rendered":"Mein Angebot"},"content":{"rendered":"<h4>Sind Sie neugierig&#8230;<\/h4>\n<ul>\n<li>neue, einfache Wege bei der L\u00f6sung von Blockaden auszuprobieren,<\/li>\n<li>&#8222;Ballast&#8220; zur\u00fcckzulassen welcher die pers\u00f6nliche Weiterentwicklung blockiert,<\/li>\n<li>etwas zuzulassen das nicht kontrollierbar ist = VERTRAUEN<\/li>\n<li>zu erfahren wer sie wirklich sind und sich Ihrer Einzigartigkeit bewusst zu werden,<\/li>\n<li>ihre St\u00e4rken und Schw\u00e4chen klar zu sehen, anzunehmen, in die Balance zu bringen und bewusst einzusetzen,<\/li>\n<li>einen Sprung zu wagen in ein Leben das voller \u00dcberraschungen, Leichtigkeit, Wunder, Sch\u00f6nheit, Zufriedenheit, Lust, Freude und Liebe ist,<\/li>\n<li>wie ein erf\u00fclltes, entspanntes Leben sich anf\u00fchlt, das von Ausdauer, Kreativit\u00e4t und Begeisterung gepr\u00e4gt ist,<\/li>\n<li>zu er-f\u00fchlen was es hei\u00dft \u201eSelbst bestimmt\u201c zu leben und daraus das Leben t\u00e4glich neu zu gestalten<\/li>\n<li>wie sich bewusstes im hier und jetzt \u201eSEIN\u201c\u00a0 anf\u00fchlt,<\/li>\n<li>was geschieht, wenn sie Verantwortung f\u00fcr ihr Denken, Sprechen und Tun \u00fcbernehmen?<\/li>\n<li>Ihre innere F\u00fchrung zu f\u00fchlen zu vertrauen.<\/li>\n<\/ul>\n<p><strong>\u2026dann lade ich Sie ein, ein St\u00fcck des Weges gemeinsam zu gehen\u2026<\/strong><\/p>\n<p>in Ihrem Takt, Ihrer Geschwindigkeit,<br \/>\nmit Ihrem Vertrauen,<br \/>\nmit Ihrem Wollen zu echter Ver\u00e4nderung,<br \/>\nmit Ihren M\u00f6glichkeiten,<br \/>\nmit Ihrer Kompetenz,<br \/>\nmit Ihrem sich einlassen k\u00f6nnen,<\/p>\n<p>mit Ihrer zunehmenden Pr\u00e4senz,<br \/>\nmit Ihrem Mut,<br \/>\nmit Ihrer Vision,<br \/>\nmit Ihrem K\u00f6rper, Ihrer Seele, Ihrem Geist und Ihrem Charisma<\/p>\n<p>Mit meinem Wissen,<br \/>\nmeinen Erfahrungen, meiner Kreativit\u00e4t, Intuition und inneren F\u00fchrung.<\/p>\n<p><strong>Mein erlerntes Wissen:<\/strong><\/p>\n<p>Energietransformation &#8211; die Leichtigkeit der neuen Zeit,<br \/>\n= Bewusstwerdung und dadurch Aktivierung der Selbstheilungskr\u00e4fte,<br \/>\n= Wiederherstellen der g\u00f6ttlichen Ordnung aus der wir ALLE kommen<\/p>\n<p>Quantenheilung- auch systemische Aufstellungsarbeit<br \/>\nGesetz der Resonanz<br \/>\nFu\u00dfreflexzonenmassage<br \/>\nKlangschalenbehandlungen<br \/>\nHo \u00f2ponopono \u2013 Hawaiianische Vergebungsarbeit nach der Huna Lehre<br \/>\nLichtarbeit mit Engeln<br \/>\nAuraarbeit Teil I und II<br \/>\nTao Yoga, Yoga des inneren L\u00e4chelns<br \/>\nErn\u00e4hrungsberatung<br \/>\nBewusst-SEIN(S) Coach<\/p>\n","protected":false},"excerpt":{"rendered":"<p>Sind Sie neugierig&#8230; neue, einfache Wege bei der L\u00f6sung von Blockaden auszuprobieren, &#8222;Ballast&#8220; zur\u00fcckzulassen welcher die pers\u00f6nliche Weiterentwicklung blockiert, etwas zuzulassen das nicht kontrollierbar ist = VERTRAUEN zu erfahren wer sie wirklich sind und sich Ihrer Einzigartigkeit bewusst zu werden, ihre St\u00e4rken und Schw\u00e4chen klar zu sehen, anzunehmen, in die Balance zu bringen und bewusst [&hellip;]<\/p>\n","protected":false},"author":1,"featured_media":187,"parent":0,"menu_order":10,"comment_status":"closed","ping_status":"open","template":"","meta":{"footnotes":""},"class_list":["post-6","page","type-page","status-publish","has-post-thumbnail","hentry"],"_links":{"self":[{"href":"https:\/\/einklang-alexandra-stahl.de\/index.php\/wp-json\/wp\/v2\/pages\/6","targetHints":{"allow":["GET"]}}],"collection":[{"href":"https:\/\/einklang-alexandra-stahl.de\/index.php\/wp-json\/wp\/v2\/pages"}],"about":[{"href":"https:\/\/einklang-alexandra-stahl.de\/index.php\/wp-json\/wp\/v2\/types\/page"}],"author":[{"embeddable":true,"href":"https:\/\/einklang-alexandra-stahl.de\/index.php\/wp-json\/wp\/v2\/users\/1"}],"replies":[{"embeddable":true,"href":"https:\/\/einklang-alexandra-stahl.de\/index.php\/wp-json\/wp\/v2\/comments?post=6"}],"version-history":[{"count":88,"href":"https:\/\/einklang-alexandra-stahl.de\/index.php\/wp-json\/wp\/v2\/pages\/6\/revisions"}],"predecessor-version":[{"id":1226,"href":"https:\/\/einklang-alexandra-stahl.de\/index.php\/wp-json\/wp\/v2\/pages\/6\/revisions\/1226"}],"wp:featuredmedia":[{"embeddable":true,"href":"https:\/\/einklang-alexandra-stahl.de\/index.php\/wp-json\/wp\/v2\/media\/187"}],"wp:attachment":[{"href":"https:\/\/einklang-alexandra-stahl.de\/index.php\/wp-json\/wp\/v2\/media?parent=6"}],"curies":[{"name":"wp","href":"https:\/\/api.w.org\/{rel}","templated":true}]}}