{"id":64,"date":"2012-05-17T09:44:32","date_gmt":"2012-05-17T09:44:32","guid":{"rendered":"http:\/\/einklang-alexandra-stahl.de\/?page_id=64"},"modified":"2012-11-19T21:41:53","modified_gmt":"2012-11-19T21:41:53","slug":"themen-der-zeit","status":"publish","type":"page","link":"https:\/\/einklang-alexandra-stahl.de\/index.php\/informatives\/themen-der-zeit\/","title":{"rendered":"Themen der Zeit"},"content":{"rendered":"<p><a href=\"http:\/\/home.vrweb.de\/~gandalf\/Uni\/uni.htm\">http:\/\/home.vrweb.de\/~gandalf\/Uni\/uni.htm<\/a><br \/>\nWer die Quantenphysik wissenschaftlich betrachten m\u00f6chte\u2026 und Freude am spielen hat ;-)<\/p>\n<p><a href=\"http:\/\/washaeltdieweltzusammen.blogspot.de\/2012\/05\/holografisches-universum.html\">http:\/\/washaeltdieweltzusammen.blogspot.de\/2012\/05\/holografisches-universum.html<\/a><br \/>\nEin Streifzug durch Medienwelt und Internet &#8211; auf der Suche nach Antworten: Was h\u00e4lt die Welt im Innersten zusammen? Was ist das Wesen des Menschen? Was ist Bewusstsein? Was kommt auf mich zu?<\/p>\n<p>Frequenzerh\u00f6hung, ein empfehlenswerter Film, der \u00dcbergang 2012:<\/p>\n<p><iframe loading=\"lazy\" src=\"http:\/\/www.youtube.com\/embed\/ZixAhFEsoi0\" frameborder=\"0\" width=\"560\" height=\"315\"><\/iframe><\/p>\n<p>&nbsp;<\/p>\n<p><a href=\"http:\/\/www.youtube.com\/watch?v=3ohjOltaO6Y&amp;feature=youtu.be\">http:\/\/www.youtube.com\/watch?v=3ohjOltaO6Y&amp;feature=youtu.be<\/a><\/p>\n<p>Quantenphysik Doppelspalt &#8230; f\u00fcr alle T\u00fcftler und die es genauer wissen wollen wie es funktioniert.<br \/>\nKein Gesundheitswesen der Welt kann darauf verzichten, dass die Menschen selbst Verantwortung f\u00fcr Ihre Gesundheit \u00fcbernehmen &#8211; Anmerkung eines Hirnforschers, Prof. Dr. Gerald H\u00fcther (<a title=\"www.extend2011.de\/video-vortrag\/gerald-huether.htm\" href=\"http:\/\/www.extend2011.de\/video-vortrag\/gerald-huether.htm\" target=\"_blank\">www.extend2011.de\/video-vortrag\/gerald-huether.htm<\/a>):<\/p>\n<p><a href=\"http:\/\/www.extend2011.de\/video-vortrag\/gerald-huether.htm\" target=\"_blank\"><img loading=\"lazy\" decoding=\"async\" style=\"border: 0; margin: 0; padding: 0;\" title=\"Vortrag Prof. Dr. Gerald H\u00fcther\" src=\"http:\/\/einklang-alexandra-stahl.de\/wp-content\/uploads\/Huether1.jpg\" alt=\"\" width=\"560\" height=\"310\" \/><\/a><br \/>\n<a href=\"http:\/\/www.psychophysik.com\/h-blog\/?p=5660\">http:\/\/www.psychophysik.com\/h-blog\/?p=5660<\/a><br \/>\nEin sehr interessanter Blog zum Thema Quantenphysik, Mystik, Spiritualit\u00e4t von Ken Wilbert<\/p>\n<p>&nbsp;<\/p>\n<p>Let\u00b4s Come Together&#8230;right now&#8230; lasst uns zusammenkommen&#8230; in sweet harmonie<\/p>\n<p><iframe loading=\"lazy\" title=\"Let&#039;s Come Together\" width=\"500\" height=\"375\" src=\"https:\/\/www.youtube.com\/embed\/b32Fbxkrijo?feature=oembed\" frameborder=\"0\" allow=\"accelerometer; autoplay; clipboard-write; encrypted-media; gyroscope; picture-in-picture; web-share\" referrerpolicy=\"strict-origin-when-cross-origin\" allowfullscreen><\/iframe><\/p>\n","protected":false},"excerpt":{"rendered":"<p>http:\/\/home.vrweb.de\/~gandalf\/Uni\/uni.htm Wer die Quantenphysik wissenschaftlich betrachten m\u00f6chte\u2026 und Freude am spielen hat ;-) http:\/\/washaeltdieweltzusammen.blogspot.de\/2012\/05\/holografisches-universum.html Ein Streifzug durch Medienwelt und Internet &#8211; auf der Suche nach Antworten: Was h\u00e4lt die Welt im Innersten zusammen? Was ist das Wesen des Menschen? Was ist Bewusstsein? Was kommt auf mich zu? Frequenzerh\u00f6hung, ein empfehlenswerter Film, der \u00dcbergang 2012: &nbsp; [&hellip;]<\/p>\n","protected":false},"author":1,"featured_media":81,"parent":62,"menu_order":10,"comment_status":"closed","ping_status":"open","template":"","meta":{"footnotes":""},"class_list":["post-64","page","type-page","status-publish","has-post-thumbnail","hentry"],"_links":{"self":[{"href":"https:\/\/einklang-alexandra-stahl.de\/index.php\/wp-json\/wp\/v2\/pages\/64","targetHints":{"allow":["GET"]}}],"collection":[{"href":"https:\/\/einklang-alexandra-stahl.de\/index.php\/wp-json\/wp\/v2\/pages"}],"about":[{"href":"https:\/\/einklang-alexandra-stahl.de\/index.php\/wp-json\/wp\/v2\/types\/page"}],"author":[{"embeddable":true,"href":"https:\/\/einklang-alexandra-stahl.de\/index.php\/wp-json\/wp\/v2\/users\/1"}],"replies":[{"embeddable":true,"href":"https:\/\/einklang-alexandra-stahl.de\/index.php\/wp-json\/wp\/v2\/comments?post=64"}],"version-history":[{"count":35,"href":"https:\/\/einklang-alexandra-stahl.de\/index.php\/wp-json\/wp\/v2\/pages\/64\/revisions"}],"predecessor-version":[{"id":896,"href":"https:\/\/einklang-alexandra-stahl.de\/index.php\/wp-json\/wp\/v2\/pages\/64\/revisions\/896"}],"up":[{"embeddable":true,"href":"https:\/\/einklang-alexandra-stahl.de\/index.php\/wp-json\/wp\/v2\/pages\/62"}],"wp:featuredmedia":[{"embeddable":true,"href":"https:\/\/einklang-alexandra-stahl.de\/index.php\/wp-json\/wp\/v2\/media\/81"}],"wp:attachment":[{"href":"https:\/\/einklang-alexandra-stahl.de\/index.php\/wp-json\/wp\/v2\/media?parent=64"}],"curies":[{"name":"wp","href":"https:\/\/api.w.org\/{rel}","templated":true}]}}