{"id":68,"date":"2012-05-17T09:45:15","date_gmt":"2012-05-17T09:45:15","guid":{"rendered":"http:\/\/einklang-alexandra-stahl.de\/?page_id=68"},"modified":"2015-12-06T19:22:41","modified_gmt":"2015-12-06T19:22:41","slug":"links","status":"publish","type":"page","link":"https:\/\/einklang-alexandra-stahl.de\/index.php\/informatives\/links\/","title":{"rendered":"Links"},"content":{"rendered":"<p>&nbsp;<\/p>\n<p>&nbsp;<\/p>\n<p>Tina Turner, Regula Curti &amp; Dechen Shak-Dagsay &#8211; Children Beyond press conference &amp; performance<\/p>\n<p><iframe loading=\"lazy\" title=\"Tina Turner, Regula Curti &amp; Dechen Shak-Dagsay - Children Beyond press conference &amp; performance\" width=\"500\" height=\"281\" src=\"https:\/\/www.youtube.com\/embed\/-IdoUnStaIs?feature=oembed\" frameborder=\"0\" allow=\"accelerometer; autoplay; clipboard-write; encrypted-media; gyroscope; picture-in-picture; web-share\" referrerpolicy=\"strict-origin-when-cross-origin\" allowfullscreen><\/iframe><\/p>\n<p>ein sch\u00f6nes Projekt mit einem &#8222;Mantra&#8220;\u00a0 mit Tina Turner, Kindern und Interviews&#8230; die Kraft der gesungenen Gebete<\/p>\n<p>&nbsp;<\/p>\n<p>Ein Link mit\u00a0 au\u00dfergew\u00f6hnlichen Beitr\u00e4gen zur aktuellen Zeit<\/p>\n<p>http:\/\/www.lunaria.at\/zur_zeit.htm<\/p>\n<p>&nbsp;<\/p>\n","protected":false},"excerpt":{"rendered":"<p>&nbsp; &nbsp; Tina Turner, Regula Curti &amp; Dechen Shak-Dagsay &#8211; Children Beyond press conference &amp; performance ein sch\u00f6nes Projekt mit einem &#8222;Mantra&#8220;\u00a0 mit Tina Turner, Kindern und Interviews&#8230; die Kraft der gesungenen Gebete &nbsp; Ein Link mit\u00a0 au\u00dfergew\u00f6hnlichen Beitr\u00e4gen zur aktuellen Zeit http:\/\/www.lunaria.at\/zur_zeit.htm &nbsp;<\/p>\n","protected":false},"author":1,"featured_media":81,"parent":62,"menu_order":30,"comment_status":"closed","ping_status":"open","template":"","meta":{"footnotes":""},"class_list":["post-68","page","type-page","status-publish","has-post-thumbnail","hentry"],"_links":{"self":[{"href":"https:\/\/einklang-alexandra-stahl.de\/index.php\/wp-json\/wp\/v2\/pages\/68","targetHints":{"allow":["GET"]}}],"collection":[{"href":"https:\/\/einklang-alexandra-stahl.de\/index.php\/wp-json\/wp\/v2\/pages"}],"about":[{"href":"https:\/\/einklang-alexandra-stahl.de\/index.php\/wp-json\/wp\/v2\/types\/page"}],"author":[{"embeddable":true,"href":"https:\/\/einklang-alexandra-stahl.de\/index.php\/wp-json\/wp\/v2\/users\/1"}],"replies":[{"embeddable":true,"href":"https:\/\/einklang-alexandra-stahl.de\/index.php\/wp-json\/wp\/v2\/comments?post=68"}],"version-history":[{"count":17,"href":"https:\/\/einklang-alexandra-stahl.de\/index.php\/wp-json\/wp\/v2\/pages\/68\/revisions"}],"predecessor-version":[{"id":1306,"href":"https:\/\/einklang-alexandra-stahl.de\/index.php\/wp-json\/wp\/v2\/pages\/68\/revisions\/1306"}],"up":[{"embeddable":true,"href":"https:\/\/einklang-alexandra-stahl.de\/index.php\/wp-json\/wp\/v2\/pages\/62"}],"wp:featuredmedia":[{"embeddable":true,"href":"https:\/\/einklang-alexandra-stahl.de\/index.php\/wp-json\/wp\/v2\/media\/81"}],"wp:attachment":[{"href":"https:\/\/einklang-alexandra-stahl.de\/index.php\/wp-json\/wp\/v2\/media?parent=68"}],"curies":[{"name":"wp","href":"https:\/\/api.w.org\/{rel}","templated":true}]}}