{"id":929,"date":"2012-11-28T11:48:43","date_gmt":"2012-11-28T11:48:43","guid":{"rendered":"http:\/\/einklang-alexandra-stahl.de\/?page_id=929"},"modified":"2015-12-06T19:27:05","modified_gmt":"2015-12-06T19:27:05","slug":"energietransformation-fuer-unternehmen","status":"publish","type":"page","link":"https:\/\/einklang-alexandra-stahl.de\/index.php\/energietransformation-fuer-unternehmen\/","title":{"rendered":"F\u00fcr Unternehmen"},"content":{"rendered":"<p><strong>Sie kennen dieses Gef\u00fchl:<\/strong><\/p>\n<p>Sie betreten ein Haus,\u00a0 f\u00fchlen sich nicht wohl und sind froh wenn Sie das Haus wieder verlassen k\u00f6nnen.<\/p>\n<p>Sie haben einen Termin und f\u00fchlen ein \u201eunangenehmes, fast elektrisch geladenes Knistern\u201c, unerwartete Reserviertheit, aufgesetzte Freundlichkeit, sie haben M\u00fche zu atmen &#8211; unsichtbare Botschaften die sie erreichen.<\/p>\n<p>Gibt es &#8222;Unstimmigkeiten&#8220; im weitesten Sinne in ihrem Unternehmen, mit ihrer Immobilie, die sich trotz vielf\u00e4ltig angewandter Versuche und Methoden nicht bereinigen lie\u00dfen?<\/p>\n<p>H\u00e4ufen sich \u201eMissgeschicke, Missverst\u00e4ndnisse und Verluste\u201c?<\/p>\n<p>Alle Dinge die uns umgeben, egal ob gro\u00df wie ein Geb\u00e4ude oder klein wie ein Stein, egal, aus welchem Material oder Stoff\u00a0 geschaffen,\u00a0 sind\u00a0 \u201eWesen\u201c\u00a0 mit\u00a0 K\u00f6rper, Geist, Seele und Charisma.\u00a0 Die Geisteswissenschaften sprechen\u00a0 vom Wesen eines Hauses, eines Grundst\u00fccks, eines Gegenstandes.<\/p>\n<p>Alles was sich jemals auf einem Grundst\u00fcck, in einem Geb\u00e4ude abgespielt hat, hinterlie\u00df &#8222;Spuren&#8220;, welche die aktuelle Entwicklung behindern k\u00f6nnen. Graben sie etwas tiefer, und oft finden sich &#8211; sichtbare Dinge- in Form von Ausgrabungen.<\/p>\n<p>So hat jedes <strong>&#8222;Wesen&#8220;<\/strong> wie Wohnung, Auto, Schmuck, Grundst\u00fcck, Bekleidung seine eigene sichtbare und unsichtbaren Geschichte.<\/p>\n<p><strong><em>Haben sie gerade etwas\u00a0 Zeit?<\/em><\/strong><\/p>\n<p><em>W\u00e4hlen\u00a0 sie einen ihnen wichtigen, lieb gewonnenen Gegenstand aus ihrem B\u00fcro oder\u00a0 Zuhause aus und halten ihn f\u00fcr einige Minuten in ihrer Hand, betrachten und bef\u00fchlen sie ihn und versuchen sie wahr zu nehmen, welche Botschaften bei Ihnen ankommen, woran sie der Gegenstand erinnert, was er bei ihnen ausl\u00f6st\u2026<\/em><\/p>\n<p><em>Sie sind eben dabei das \u201eWesen\u201c dieses Gegenstandes zu erkunden.<\/em><\/p>\n<p>So verh\u00e4lt es sich mit ALLEM was wir benutzen und womit wir uns umgeben. Seien es die B\u00fccher die im Regal zu Hause stehen, die Tasse aus der morgens Kaffee oder Tee getrunken wird, die Schuhe die wir anziehen, die Wohnung in der wir wohnen, das Auto mit dem wir unterwegs sind\u2026<\/p>\n<p>Diese &#8222;Spuren&#8220; verursachen bisweilen Stagnation im Fortgang der aktuellen Interessen.<\/p>\n<p><span style=\"color: #993300;\"><strong>Energietransformation kl\u00e4rt und transformiert\u00a0 Ursachen f\u00fcr Blockaden.<br \/>\n<\/strong><\/span><\/p>\n<p><strong>Sie haben Fragen und ben\u00f6tigen weitere Informationen?<\/strong><\/p>\n<p>Ich freue mich auf Ihre Kontaktaufnahme und Ihr &#8222;ungel\u00f6stes&#8220; Thema.<\/p>\n<p><span style=\"text-decoration: underline; color: #800000;\"><span style=\"text-decoration: underline;\"><br \/>\n<\/span><\/span><\/p>\n<p>&nbsp;<\/p>\n<h4>f\u00fcr Betriebe,\u00a0 Firmen, Unternehmen aller Branchen<\/h4>\n<h4>Immobilien, H\u00e4user, Wohnungen, Grundst\u00fccke und Sachwerte im Inn- und Ausland<\/h4>\n<h4>\u00f6ffentliche Geb\u00e4ude<\/h4>\n<h4>Verwaltung, Gesundheit, Familien, Kinder und Senioren<\/h4>\n<p>&nbsp;<\/p>\n<p>Eine weitere ausf\u00fchrliche Erkl\u00e4rung zum Thema Energietransformation finden Sie unter \u201emein Angebot\u201c<\/p>\n","protected":false},"excerpt":{"rendered":"<p>Sie kennen dieses Gef\u00fchl: Sie betreten ein Haus,\u00a0 f\u00fchlen sich nicht wohl und sind froh wenn Sie das Haus wieder verlassen k\u00f6nnen. Sie haben einen Termin und f\u00fchlen ein \u201eunangenehmes, fast elektrisch geladenes Knistern\u201c, unerwartete Reserviertheit, aufgesetzte Freundlichkeit, sie haben M\u00fche zu atmen &#8211; unsichtbare Botschaften die sie erreichen. Gibt es &#8222;Unstimmigkeiten&#8220; im weitesten Sinne [&hellip;]<\/p>\n","protected":false},"author":2,"featured_media":0,"parent":0,"menu_order":15,"comment_status":"closed","ping_status":"open","template":"","meta":{"footnotes":""},"class_list":["post-929","page","type-page","status-publish","hentry"],"_links":{"self":[{"href":"https:\/\/einklang-alexandra-stahl.de\/index.php\/wp-json\/wp\/v2\/pages\/929","targetHints":{"allow":["GET"]}}],"collection":[{"href":"https:\/\/einklang-alexandra-stahl.de\/index.php\/wp-json\/wp\/v2\/pages"}],"about":[{"href":"https:\/\/einklang-alexandra-stahl.de\/index.php\/wp-json\/wp\/v2\/types\/page"}],"author":[{"embeddable":true,"href":"https:\/\/einklang-alexandra-stahl.de\/index.php\/wp-json\/wp\/v2\/users\/2"}],"replies":[{"embeddable":true,"href":"https:\/\/einklang-alexandra-stahl.de\/index.php\/wp-json\/wp\/v2\/comments?post=929"}],"version-history":[{"count":87,"href":"https:\/\/einklang-alexandra-stahl.de\/index.php\/wp-json\/wp\/v2\/pages\/929\/revisions"}],"predecessor-version":[{"id":1308,"href":"https:\/\/einklang-alexandra-stahl.de\/index.php\/wp-json\/wp\/v2\/pages\/929\/revisions\/1308"}],"wp:attachment":[{"href":"https:\/\/einklang-alexandra-stahl.de\/index.php\/wp-json\/wp\/v2\/media?parent=929"}],"curies":[{"name":"wp","href":"https:\/\/api.w.org\/{rel}","templated":true}]}}